{"id":16,"date":"2024-01-14T15:31:15","date_gmt":"2024-01-14T15:31:15","guid":{"rendered":"https:\/\/new.elmatics.rs\/?page_id=16"},"modified":"2024-01-14T17:56:23","modified_gmt":"2024-01-14T17:56:23","slug":"naslovna-strana","status":"publish","type":"page","link":"https:\/\/new.elmatics.rs\/","title":{"rendered":""},"content":{"rendered":"<div class=\"vce-row-container\" data-vce-boxed-width=\"true\"><div class=\"vce-row vce-row--col-gap-30 vce-row-equal-height vce-row-content--top\" id=\"el-8e6d1417\" data-vce-do-apply=\"all el-8e6d1417\"><div class=\"vce-row-content\" data-vce-element-content=\"true\"><div class=\"vce-col vce-col--md-auto vce-col--xs-1 vce-col--xs-last vce-col--xs-first vce-col--sm-last vce-col--sm-first vce-col--md-last vce-col--lg-last vce-col--xl-last vce-col--md-first vce-col--lg-first vce-col--xl-first\" id=\"el-262013ab\"><div class=\"vce-col-inner\" data-vce-do-apply=\"border margin background  el-262013ab\"><div class=\"vce-col-content\" data-vce-element-content=\"true\" data-vce-do-apply=\"padding el-262013ab\"><div class=\"vce-single-image-container vce-single-image--align-left\"><div class=\"vce vce-single-image-wrapper\" id=\"el-fd3ebe38\" data-vce-do-apply=\"all el-fd3ebe38\"><figure><div class=\"vce-single-image-figure-inner\" style=\"width: 1024px;\"><div class=\"vce-single-image-inner vce-single-image--absolute\" style=\"width: 100%; padding-bottom: 57.1289%;\"><img loading=\"lazy\" decoding=\"async\" class=\"vce-single-image\"  width=\"1024\" height=\"585\" srcset=\"https:\/\/new.elmatics.rs\/wp-content\/uploads\/2024\/01\/Main-1024x585.png 1024w, https:\/\/new.elmatics.rs\/wp-content\/uploads\/2024\/01\/Main-800x450.png 800w, https:\/\/new.elmatics.rs\/wp-content\/uploads\/2024\/01\/Main-320x183.png 320w, https:\/\/new.elmatics.rs\/wp-content\/uploads\/2024\/01\/Main-480x274.png 480w\" src=\"https:\/\/new.elmatics.rs\/wp-content\/uploads\/2024\/01\/Main-1024x585.png\" data-img-src=\"https:\/\/new.elmatics.rs\/wp-content\/uploads\/2024\/01\/Main.png\" data-attachment-id=\"21\"  alt=\"\" title=\"Main\" \/><\/div><\/div><figcaption hidden=\"\"><\/figcaption><\/figure><\/div><\/div><\/div><\/div><\/div><\/div><\/div><\/div><div class=\"vce-row-container\" data-vce-boxed-width=\"true\"><div class=\"vce-row vce-row--col-gap-30 vce-row-equal-height vce-row-content--top\" id=\"el-bcbfe980\" data-vce-do-apply=\"all el-bcbfe980\"><div class=\"vce-row-content\" data-vce-element-content=\"true\"><div class=\"vce-col vce-col--md-auto vce-col--xs-1 vce-col--xs-last vce-col--xs-first vce-col--sm-last vce-col--sm-first vce-col--md-last vce-col--lg-last vce-col--xl-last vce-col--md-first vce-col--lg-first vce-col--xl-first\" id=\"el-bd8d358e\"><div class=\"vce-col-inner\" data-vce-do-apply=\"border margin background  el-bd8d358e\"><div class=\"vce-col-content\" data-vce-element-content=\"true\" data-vce-do-apply=\"padding el-bd8d358e\"><div class=\"vce-text-block\"><div class=\"vce-text-block-wrapper vce\" id=\"el-af3e6444\" data-vce-do-apply=\"all el-af3e6444\"><div class=\"wpb_text_column wpb_content_element \" style=\"background: 0px 0px #f5f5f5; margin-bottom: 35px; color: #303030; font-family: Poppins, sans-serif; font-size: 16px; font-style: normal; font-variant-ligatures: normal; font-variant-caps: normal; font-weight: 300;\">\n<div class=\"wpb_wrapper\" style=\"background: 0px 0px;\">\n<h2 style=\"text-transform: uppercase; letter-spacing: 0px; color: #004f94; background: 0px 0px; margin-bottom: 0px; font-size: 24px; line-height: 28px; font-style: normal; text-align: center;\">ELMATICS<\/h2>\n<\/div>\n<\/div>\n<div class=\"separator  transparent   \" style=\"background: 0px 0px #f5f5f5; margin-top: 32px; position: relative; height: 0px; color: #303030; font-family: Poppins, sans-serif; font-size: 16px; font-style: normal; font-variant-ligatures: normal; font-variant-caps: normal; font-weight: 300;\">&nbsp;<\/div>\n<div class=\"wpb_text_column wpb_content_element \" style=\"background: 0px 0px #f5f5f5; margin-bottom: 35px; color: #303030; font-family: Poppins, sans-serif; font-size: 16px; font-style: normal; font-variant-ligatures: normal; font-variant-caps: normal; font-weight: 300;\">\n<div class=\"wpb_wrapper\" style=\"background: 0px 0px;\">\n<p style=\"background: 0px 0px; margin-bottom: 0px; font-size: 16px; line-height: 26px; font-style: normal; font-weight: 300;\">&nbsp; &nbsp;Izrada elektro instalacija, rad sa Ek-opremom, automatizacija ma\u0161ina, izrada projektne dokumentacije, izrada upravlja\u010dkih ormana, programiranje PLC ure\u0111aja za pu\u0161tanje u rad elektro opreme, pode\u0161avanje i optimizacija parametara rada opreme. Odr\u017eavanje postojec\u0301e opreme.<\/p>\n<\/div>\n<\/div><\/div><\/div><\/div><\/div><\/div><\/div><\/div><\/div>\n","protected":false},"excerpt":{"rendered":"<p>ELMATICS &nbsp; &nbsp; &nbsp;Izrada elektro instalacija, rad sa Ek-opremom, automatizacija ma\u0161ina, izrada projektne dokumentacije, izrada upravlja\u010dkih ormana, programiranje PLC ure\u0111aja za pu\u0161tanje u rad elektro opreme, pode\u0161avanje i optimizacija parametara rada opreme. Odr\u017eavanje postojec\u0301e opreme.<\/p>\n","protected":false},"author":1,"featured_media":0,"parent":0,"menu_order":0,"comment_status":"closed","ping_status":"closed","template":"","meta":{"footnotes":""},"class_list":["post-16","page","type-page","status-publish","hentry"],"_links":{"self":[{"href":"https:\/\/new.elmatics.rs\/index.php?rest_route=\/wp\/v2\/pages\/16","targetHints":{"allow":["GET"]}}],"collection":[{"href":"https:\/\/new.elmatics.rs\/index.php?rest_route=\/wp\/v2\/pages"}],"about":[{"href":"https:\/\/new.elmatics.rs\/index.php?rest_route=\/wp\/v2\/types\/page"}],"author":[{"embeddable":true,"href":"https:\/\/new.elmatics.rs\/index.php?rest_route=\/wp\/v2\/users\/1"}],"replies":[{"embeddable":true,"href":"https:\/\/new.elmatics.rs\/index.php?rest_route=%2Fwp%2Fv2%2Fcomments&post=16"}],"version-history":[{"count":8,"href":"https:\/\/new.elmatics.rs\/index.php?rest_route=\/wp\/v2\/pages\/16\/revisions"}],"predecessor-version":[{"id":59,"href":"https:\/\/new.elmatics.rs\/index.php?rest_route=\/wp\/v2\/pages\/16\/revisions\/59"}],"wp:attachment":[{"href":"https:\/\/new.elmatics.rs\/index.php?rest_route=%2Fwp%2Fv2%2Fmedia&parent=16"}],"curies":[{"name":"wp","href":"https:\/\/api.w.org\/{rel}","templated":true}]}}